{"id":166,"date":"2018-07-19T12:25:18","date_gmt":"2018-07-19T12:25:18","guid":{"rendered":"https:\/\/themes.getmotopress.com\/aquentro\/?page_id=166"},"modified":"2023-11-26T23:08:28","modified_gmt":"2023-11-26T22:08:28","slug":"about-aquentro","status":"publish","type":"page","link":"https:\/\/www.location-mazet-nimes-garrigue.com\/index.php\/about-aquentro\/","title":{"rendered":"Le Petit Mas de Caroline &#038; Mika\u00ebl"},"content":{"rendered":"\t\t<div data-elementor-type=\"wp-post\" data-elementor-id=\"166\" class=\"elementor elementor-166\" data-elementor-settings=\"[]\">\n\t\t\t<div class=\"elementor-inner\">\n\t\t\t\t<div class=\"elementor-section-wrap\">\n\t\t\t\t\t\t\t<section class=\"elementor-element elementor-element-3c6ee93 elementor-section-boxed elementor-section-height-default elementor-section-height-default elementor-section elementor-top-section\" data-id=\"3c6ee93\" data-element_type=\"section\">\n\t\t\t\t\t\t<div class=\"elementor-container elementor-column-gap-default\">\n\t\t\t\t<div class=\"elementor-row\">\n\t\t\t\t<div class=\"elementor-element elementor-element-95100c7 elementor-column elementor-col-100 elementor-top-column\" data-id=\"95100c7\" data-element_type=\"column\">\n\t\t\t<div class=\"elementor-column-wrap  elementor-element-populated\">\n\t\t\t\t\t<div class=\"elementor-widget-wrap\">\n\t\t\t\t<div class=\"elementor-element elementor-element-6c35f39 elementor-widget elementor-widget-text-editor\" data-id=\"6c35f39\" data-element_type=\"widget\" data-widget_type=\"text-editor.default\">\n\t\t\t\t<div class=\"elementor-widget-container\">\n\t\t\t\t\t<div class=\"elementor-text-editor elementor-clearfix\"><p>Nous sommes tous les deux tr\u00e8s attach\u00e9s au cadre de vie unique que proposent N\u00eemes et ses environs.\u00a0<\/p><p>Nous nous ferons un plaisir de vous conseiller sur les lieux incontournables \u00e0 visiter, les restaurants \u00e0 d\u00e9couvrir et les balades \u00e0 faire autour du Petit Mas ou dans la r\u00e9gion.<\/p><\/div>\n\t\t\t\t<\/div>\n\t\t\t\t<\/div>\n\t\t\t\t<div class=\"elementor-element elementor-element-90622b4 elementor-arrows-position-inside elementor-pagination-position-outside elementor-widget elementor-widget-image-carousel\" data-id=\"90622b4\" data-element_type=\"widget\" data-settings=\"{&quot;slides_to_show&quot;:&quot;1&quot;,&quot;navigation&quot;:&quot;both&quot;,&quot;autoplay&quot;:&quot;yes&quot;,&quot;pause_on_hover&quot;:&quot;yes&quot;,&quot;pause_on_interaction&quot;:&quot;yes&quot;,&quot;autoplay_speed&quot;:5000,&quot;infinite&quot;:&quot;yes&quot;,&quot;effect&quot;:&quot;slide&quot;,&quot;speed&quot;:500,&quot;direction&quot;:&quot;ltr&quot;}\" data-widget_type=\"image-carousel.default\">\n\t\t\t\t<div class=\"elementor-widget-container\">\n\t\t\t\t\t<div class=\"elementor-image-carousel-wrapper swiper-container\" dir=\"ltr\">\n\t\t\t<div class=\"elementor-image-carousel swiper-wrapper\">\n\t\t\t\t<div class=\"swiper-slide\"><figure class=\"swiper-slide-inner\"><img decoding=\"async\" class=\"swiper-slide-image\" src=\"https:\/\/www.location-mazet-nimes-garrigue.com\/wp-content\/uploads\/2020\/05\/Capture-d\u2019e\u0301cran-2020-05-14-a\u0300-15.11.29-840x466.png\" alt=\"le jacuzzi le jour\" \/><\/figure><\/div><div class=\"swiper-slide\"><figure class=\"swiper-slide-inner\"><img decoding=\"async\" class=\"swiper-slide-image\" src=\"https:\/\/www.location-mazet-nimes-garrigue.com\/wp-content\/uploads\/2020\/06\/20200521_150836-1-840x466.jpg\" alt=\"Mas 391\" \/><\/figure><\/div><div class=\"swiper-slide\"><figure class=\"swiper-slide-inner\"><img decoding=\"async\" class=\"swiper-slide-image\" src=\"https:\/\/www.location-mazet-nimes-garrigue.com\/wp-content\/uploads\/2020\/06\/20200521_111338-840x466.jpg\" alt=\"ext\u00e9rieur Mas 391\" \/><\/figure><\/div><div class=\"swiper-slide\"><figure class=\"swiper-slide-inner\"><img decoding=\"async\" class=\"swiper-slide-image\" src=\"https:\/\/www.location-mazet-nimes-garrigue.com\/wp-content\/uploads\/2020\/06\/20200521_150828-840x466.jpg\" alt=\"d\u00e9tente Mas 391\" \/><\/figure><\/div><div class=\"swiper-slide\"><figure class=\"swiper-slide-inner\"><img decoding=\"async\" class=\"swiper-slide-image\" src=\"https:\/\/www.location-mazet-nimes-garrigue.com\/wp-content\/uploads\/2020\/05\/Capture-d\u2019e\u0301cran-2020-05-20-a\u0300-16.28.08-840x466.png\" alt=\"le jacuzzi Mas 391\" \/><\/figure><\/div><div class=\"swiper-slide\"><figure class=\"swiper-slide-inner\"><img decoding=\"async\" class=\"swiper-slide-image\" src=\"https:\/\/www.location-mazet-nimes-garrigue.com\/wp-content\/uploads\/2020\/06\/20200518_215034-1-840x466.jpg\" alt=\"20200518_215034\" \/><\/figure><\/div><div class=\"swiper-slide\"><figure class=\"swiper-slide-inner\"><img decoding=\"async\" class=\"swiper-slide-image\" src=\"https:\/\/www.location-mazet-nimes-garrigue.com\/wp-content\/uploads\/2020\/06\/20200518_215320-840x466.jpg\" alt=\"entr\u00e9e Mas 391\" \/><\/figure><\/div><div class=\"swiper-slide\"><figure class=\"swiper-slide-inner\"><img decoding=\"async\" class=\"swiper-slide-image\" src=\"https:\/\/www.location-mazet-nimes-garrigue.com\/wp-content\/uploads\/2020\/06\/20200520_152247-840x466.jpg\" alt=\"chambre Mas 391\" \/><\/figure><\/div><div class=\"swiper-slide\"><figure class=\"swiper-slide-inner\"><img decoding=\"async\" class=\"swiper-slide-image\" src=\"https:\/\/www.location-mazet-nimes-garrigue.com\/wp-content\/uploads\/2020\/06\/20200520_152132-840x466.jpg\" alt=\"20200520_152132\" \/><\/figure><\/div><div class=\"swiper-slide\"><figure class=\"swiper-slide-inner\"><img decoding=\"async\" class=\"swiper-slide-image\" src=\"https:\/\/www.location-mazet-nimes-garrigue.com\/wp-content\/uploads\/2020\/06\/20200520_152145-840x466.jpg\" alt=\"la chambre Mas 391\" \/><\/figure><\/div><div class=\"swiper-slide\"><figure class=\"swiper-slide-inner\"><img decoding=\"async\" class=\"swiper-slide-image\" src=\"https:\/\/www.location-mazet-nimes-garrigue.com\/wp-content\/uploads\/2020\/06\/20200519_110730-840x466.jpg\" alt=\"20200519_110730\" \/><\/figure><\/div><div class=\"swiper-slide\"><figure class=\"swiper-slide-inner\"><img decoding=\"async\" class=\"swiper-slide-image\" src=\"https:\/\/www.location-mazet-nimes-garrigue.com\/wp-content\/uploads\/2020\/05\/Capture-d\u2019e\u0301cran-2020-05-14-a\u0300-15.10.52-840x466.png\" alt=\"la chambre Mas 391\" \/><\/figure><\/div><div class=\"swiper-slide\"><figure class=\"swiper-slide-inner\"><img decoding=\"async\" class=\"swiper-slide-image\" src=\"https:\/\/www.location-mazet-nimes-garrigue.com\/wp-content\/uploads\/2020\/05\/Capture-d\u2019e\u0301cran-2020-05-14-a\u0300-15.10.58-840x466.png\" alt=\"la salle de bain Mas 391\" \/><\/figure><\/div><div class=\"swiper-slide\"><figure class=\"swiper-slide-inner\"><img decoding=\"async\" class=\"swiper-slide-image\" src=\"https:\/\/www.location-mazet-nimes-garrigue.com\/wp-content\/uploads\/2020\/05\/Capture-d\u2019e\u0301cran-2020-05-14-a\u0300-15.10.27-1-840x466.png\" alt=\"la cuisine Mas 391\" \/><\/figure><\/div><div class=\"swiper-slide\"><figure class=\"swiper-slide-inner\"><img decoding=\"async\" class=\"swiper-slide-image\" src=\"https:\/\/www.location-mazet-nimes-garrigue.com\/wp-content\/uploads\/2020\/05\/Capture-d\u2019e\u0301cran-2020-05-14-a\u0300-15.10.33-840x466.png\" alt=\"le salon Mas 391\" \/><\/figure><\/div><div class=\"swiper-slide\"><figure class=\"swiper-slide-inner\"><img decoding=\"async\" class=\"swiper-slide-image\" src=\"https:\/\/www.location-mazet-nimes-garrigue.com\/wp-content\/uploads\/2020\/05\/Capture-d\u2019e\u0301cran-2020-05-14-a\u0300-15.11.43-1-840x466.png\" alt=\"au c\u0153ur de la nature\" \/><\/figure><\/div><div class=\"swiper-slide\"><figure class=\"swiper-slide-inner\"><img decoding=\"async\" class=\"swiper-slide-image\" src=\"https:\/\/www.location-mazet-nimes-garrigue.com\/wp-content\/uploads\/2020\/05\/Capture-d\u2019e\u0301cran-2020-05-14-a\u0300-15.11.36-840x466.png\" alt=\"la garrigue\" \/><\/figure><\/div>\t\t\t<\/div>\n\t\t\t\t\t\t\t\t\t\t\t\t<div class=\"swiper-pagination\"><\/div>\n\t\t\t\t\t\t\t\t\t\t\t\t\t<div class=\"elementor-swiper-button elementor-swiper-button-prev\">\n\t\t\t\t\t\t<i class=\"eicon-chevron-left\" aria-hidden=\"true\"><\/i>\n\t\t\t\t\t\t<span class=\"elementor-screen-only\">Previous<\/span>\n\t\t\t\t\t<\/div>\n\t\t\t\t\t<div class=\"elementor-swiper-button elementor-swiper-button-next\">\n\t\t\t\t\t\t<i class=\"eicon-chevron-right\" aria-hidden=\"true\"><\/i>\n\t\t\t\t\t\t<span class=\"elementor-screen-only\">Next<\/span>\n\t\t\t\t\t<\/div>\n\t\t\t\t\t\t\t\t\t<\/div>\n\t\t\t\t<\/div>\n\t\t\t\t<\/div>\n\t\t\t\t<div class=\"elementor-element elementor-element-36a4a1a elementor-widget elementor-widget-text-editor\" data-id=\"36a4a1a\" data-element_type=\"widget\" data-widget_type=\"text-editor.default\">\n\t\t\t\t<div class=\"elementor-widget-container\">\n\t\t\t\t\t<div class=\"elementor-text-editor elementor-clearfix\"><p>Ce que nous aimons par dessus tout et ce qui fait le charme de notre Petit Mas, c&#8217;est sa situation exceptionnelle, entre ville et garrigue.<\/p><p>Un havre de paix, \u00e0 l&#8217;abri des regards, avec tout le confort n\u00e9cessaire et des activit\u00e9s pour passer un bon moment en famille ou \u00e0 2.<\/p><\/div>\n\t\t\t\t<\/div>\n\t\t\t\t<\/div>\n\t\t\t\t<div class=\"elementor-element elementor-element-b538a7c elementor-widget elementor-widget-divider\" data-id=\"b538a7c\" data-element_type=\"widget\" data-widget_type=\"divider.default\">\n\t\t\t\t<div class=\"elementor-widget-container\">\n\t\t\t\t\t<div class=\"elementor-divider\">\n\t\t\t<span class=\"elementor-divider-separator\">\n\t\t\t\t\t\t<\/span>\n\t\t<\/div>\n\t\t\t\t<\/div>\n\t\t\t\t<\/div>\n\t\t\t\t<section class=\"elementor-element elementor-element-7a883da elementor-section-boxed elementor-section-height-default elementor-section-height-default elementor-section elementor-inner-section\" data-id=\"7a883da\" data-element_type=\"section\">\n\t\t\t\t\t\t<div class=\"elementor-container elementor-column-gap-default\">\n\t\t\t\t<div class=\"elementor-row\">\n\t\t\t\t<div class=\"elementor-element elementor-element-0fb0c96 elementor-column elementor-col-50 elementor-inner-column\" data-id=\"0fb0c96\" data-element_type=\"column\">\n\t\t\t<div class=\"elementor-column-wrap  elementor-element-populated\">\n\t\t\t\t\t<div class=\"elementor-widget-wrap\">\n\t\t\t\t<div class=\"elementor-element elementor-element-cf9f00d elementor-widget elementor-widget-heading\" data-id=\"cf9f00d\" data-element_type=\"widget\" data-widget_type=\"heading.default\">\n\t\t\t\t<div class=\"elementor-widget-container\">\n\t\t\t<h2 class=\"elementor-heading-title elementor-size-default\">Le Petit Mas<\/h2>\t\t<\/div>\n\t\t\t\t<\/div>\n\t\t\t\t<div class=\"elementor-element elementor-element-aquentro-definitions-list elementor-widget elementor-widget-aquentro-definitions-list\" data-id=\"aquentro-definitions-list\" data-element_type=\"widget\" data-widget_type=\"aquentro-definitions-list.default\">\n\t\t\t\t<div class=\"elementor-widget-container\">\n\t\t\t        <div class=\"aquentro-definitions\">\r\n            <ul>\r\n                                <li>\r\n                    <span class=\"def-title\">Adresse<\/span>\r\n                    <span class=\"def\">Mas 391, 620 Chemin des Hauts de N\u00eemes, NIMES<\/span>\r\n                <\/li>\r\n                                <li>\r\n                    <span class=\"def-title\">Type<\/span>\r\n                    <span class=\"def\">Petit Mas de plain-pied<\/span>\r\n                <\/li>\r\n                                <li>\r\n                    <span class=\"def-title\">Surface <\/span>\r\n                    <span class=\"def\">40m2<\/span>\r\n                <\/li>\r\n                                <li>\r\n                    <span class=\"def-title\">Couchages <\/span>\r\n                    <span class=\"def\">4<\/span>\r\n                <\/li>\r\n                                <li>\r\n                    <span class=\"def-title\">Chambre<\/span>\r\n                    <span class=\"def\">1<\/span>\r\n                <\/li>\r\n                                <li>\r\n                    <span class=\"def-title\">Salle de bain<\/span>\r\n                    <span class=\"def\">1<\/span>\r\n                <\/li>\r\n                                <li>\r\n                    <span class=\"def-title\">Cuisine<\/span>\r\n                    <span class=\"def\">1<\/span>\r\n                <\/li>\r\n                                <li>\r\n                    <span class=\"def-title\">Animaux <\/span>\r\n                    <span class=\"def\">Nous contacter<\/span>\r\n                <\/li>\r\n                                <li>\r\n                    <span class=\"def-title\"><\/span>\r\n                    <span class=\"def\">Logement Non-Fumeur<\/span>\r\n                <\/li>\r\n                            <\/ul>\r\n        <\/div>\r\n        \t\t<\/div>\n\t\t\t\t<\/div>\n\t\t\t\t\t\t<\/div>\n\t\t\t<\/div>\n\t\t<\/div>\n\t\t\t\t<div class=\"elementor-element elementor-element-d2b77ca elementor-column elementor-col-50 elementor-inner-column\" data-id=\"d2b77ca\" data-element_type=\"column\">\n\t\t\t<div class=\"elementor-column-wrap  elementor-element-populated\">\n\t\t\t\t\t<div class=\"elementor-widget-wrap\">\n\t\t\t\t<div class=\"elementor-element elementor-element-5555ca5 elementor-widget elementor-widget-heading\" data-id=\"5555ca5\" data-element_type=\"widget\" data-widget_type=\"heading.default\">\n\t\t\t\t<div class=\"elementor-widget-container\">\n\t\t\t<h2 class=\"elementor-heading-title elementor-size-default\">Equipements<\/h2>\t\t<\/div>\n\t\t\t\t<\/div>\n\t\t\t\t<div class=\"elementor-element elementor-element-aquentro-definitions-list elementor-widget elementor-widget-aquentro-definitions-list\" data-id=\"aquentro-definitions-list\" data-element_type=\"widget\" data-widget_type=\"aquentro-definitions-list.default\">\n\t\t\t\t<div class=\"elementor-widget-container\">\n\t\t\t        <div class=\"aquentro-definitions\">\r\n            <ul>\r\n                                <li>\r\n                    <span class=\"def-title\">Cuisine<\/span>\r\n                    <span class=\"def\">Plaques de cuisson, four, four \u00e0 micro-ondes, lave-vaisselle, r\u00e9frig\u00e9rateur<\/span>\r\n                <\/li>\r\n                                <li>\r\n                    <span class=\"def-title\">Salle de bain<\/span>\r\n                    <span class=\"def\">Lave-linge, s\u00e8che-linge, s\u00e8che-cheveux<\/span>\r\n                <\/li>\r\n                                <li>\r\n                    <span class=\"def-title\">Services<\/span>\r\n                    <span class=\"def\">Draps, serviettes, savon et papier toilette fournis<\/span>\r\n                <\/li>\r\n                                <li>\r\n                    <span class=\"def-title\">Confort<\/span>\r\n                    <span class=\"def\">Climatisation, Wi-fi, jardin paysag\u00e9, terrasse, jacuzzi<\/span>\r\n                <\/li>\r\n                                <li>\r\n                    <span class=\"def-title\">Parking<\/span>\r\n                    <span class=\"def\">Gratuit sur place <\/span>\r\n                <\/li>\r\n                            <\/ul>\r\n        <\/div>\r\n        \t\t<\/div>\n\t\t\t\t<\/div>\n\t\t\t\t\t\t<\/div>\n\t\t\t<\/div>\n\t\t<\/div>\n\t\t\t\t\t\t<\/div>\n\t\t\t<\/div>\n\t\t<\/section>\n\t\t\t\t<div class=\"elementor-element elementor-element-26a085c elementor-widget elementor-widget-divider\" data-id=\"26a085c\" data-element_type=\"widget\" data-widget_type=\"divider.default\">\n\t\t\t\t<div class=\"elementor-widget-container\">\n\t\t\t\t\t<div class=\"elementor-divider\">\n\t\t\t<span class=\"elementor-divider-separator\">\n\t\t\t\t\t\t<\/span>\n\t\t<\/div>\n\t\t\t\t<\/div>\n\t\t\t\t<\/div>\n\t\t\t\t<div class=\"elementor-element elementor-element-3c74677 elementor-widget elementor-widget-heading\" data-id=\"3c74677\" data-element_type=\"widget\" data-widget_type=\"heading.default\">\n\t\t\t\t<div class=\"elementor-widget-container\">\n\t\t\t<h2 class=\"elementor-heading-title elementor-size-default\">VOS H\u00d4TES<\/h2>\t\t<\/div>\n\t\t\t\t<\/div>\n\t\t\t\t<div class=\"elementor-element elementor-element-f2ebd92 elementor-widget elementor-widget-image\" data-id=\"f2ebd92\" data-element_type=\"widget\" data-widget_type=\"image.default\">\n\t\t\t\t<div class=\"elementor-widget-container\">\n\t\t\t\t\t<div class=\"elementor-image\">\n\t\t\t\t\t\t\t\t\t\t<img loading=\"lazy\" decoding=\"async\" width=\"56\" height=\"12\" src=\"https:\/\/www.location-mazet-nimes-garrigue.com\/wp-content\/uploads\/2018\/07\/divider_line_big.svg\" class=\"attachment-full size-full\" alt=\"\" \/>\t\t\t\t\t\t\t\t\t\t\t<\/div>\n\t\t\t\t<\/div>\n\t\t\t\t<\/div>\n\t\t\t\t<section class=\"elementor-element elementor-element-bc7c850 elementor-section-boxed elementor-section-height-default elementor-section-height-default elementor-section elementor-inner-section\" data-id=\"bc7c850\" data-element_type=\"section\">\n\t\t\t\t\t\t<div class=\"elementor-container elementor-column-gap-default\">\n\t\t\t\t<div class=\"elementor-row\">\n\t\t\t\t<div class=\"elementor-element elementor-element-f0fb87d elementor-column elementor-col-100 elementor-inner-column\" data-id=\"f0fb87d\" data-element_type=\"column\">\n\t\t\t<div class=\"elementor-column-wrap  elementor-element-populated\">\n\t\t\t\t\t<div class=\"elementor-widget-wrap\">\n\t\t\t\t<div class=\"elementor-element elementor-element-f6d90f9 elementor-widget elementor-widget-image\" data-id=\"f6d90f9\" data-element_type=\"widget\" data-widget_type=\"image.default\">\n\t\t\t\t<div class=\"elementor-widget-container\">\n\t\t\t\t\t<div class=\"elementor-image\">\n\t\t\t\t\t\t\t\t\t\t<img loading=\"lazy\" decoding=\"async\" width=\"480\" height=\"480\" src=\"https:\/\/www.location-mazet-nimes-garrigue.com\/wp-content\/uploads\/2020\/06\/IMG_20140828_122709.jpg\" class=\"attachment-full size-full\" alt=\"\" srcset=\"https:\/\/www.location-mazet-nimes-garrigue.com\/wp-content\/uploads\/2020\/06\/IMG_20140828_122709.jpg 480w, https:\/\/www.location-mazet-nimes-garrigue.com\/wp-content\/uploads\/2020\/06\/IMG_20140828_122709-300x300.jpg 300w, https:\/\/www.location-mazet-nimes-garrigue.com\/wp-content\/uploads\/2020\/06\/IMG_20140828_122709-150x150.jpg 150w\" sizes=\"(max-width: 480px) 100vw, 480px\" \/>\t\t\t\t\t\t\t\t\t\t\t<\/div>\n\t\t\t\t<\/div>\n\t\t\t\t<\/div>\n\t\t\t\t<div class=\"elementor-element elementor-element-41e5658 elementor-widget elementor-widget-heading\" data-id=\"41e5658\" data-element_type=\"widget\" data-widget_type=\"heading.default\">\n\t\t\t\t<div class=\"elementor-widget-container\">\n\t\t\t<h2 class=\"elementor-heading-title elementor-size-default\">Caroline & Mika\u00ebl<\/h2>\t\t<\/div>\n\t\t\t\t<\/div>\n\t\t\t\t<div class=\"elementor-element elementor-element-86bc710 elementor-widget elementor-widget-text-editor\" data-id=\"86bc710\" data-element_type=\"widget\" data-widget_type=\"text-editor.default\">\n\t\t\t\t<div class=\"elementor-widget-container\">\n\t\t\t\t\t<div class=\"elementor-text-editor elementor-clearfix\"><p>Nous sommes l\u00e0 pour vous permettre de passer un excellent s\u00e9jour dans notre Petit Mas.<\/p><p>Si vous souhaitez r\u00e9server votre s\u00e9jour chez nous, si avez la moindre question, si vous voulez en savoir plus sur le Petit Mas ou sur N\u00eemes et sa r\u00e9gion, nous sommes \u00e0 votre enti\u00e8re disposition par t\u00e9l\u00e9phone ou par email.<\/p><p>Au plaisir de vous accueillir dans notre Petit Mas!<\/p><\/div>\n\t\t\t\t<\/div>\n\t\t\t\t<\/div>\n\t\t\t\t<div class=\"elementor-element elementor-element-5df4978 elementor-icon-list--layout-inline elementor-widget elementor-widget-icon-list\" data-id=\"5df4978\" data-element_type=\"widget\" data-widget_type=\"icon-list.default\">\n\t\t\t\t<div class=\"elementor-widget-container\">\n\t\t\t\t\t<ul class=\"elementor-icon-list-items elementor-inline-items\">\n\t\t\t\t\t\t\t<li class=\"elementor-icon-list-item\" >\n\t\t\t\t\t<a href=\"tel:+31234566789\">\t\t\t\t\t\t<span class=\"elementor-icon-list-icon\">\n\t\t\t\t\t\t\t<i aria-hidden=\"true\" class=\"fas fa-mobile-alt\"><\/i>\t\t\t\t\t\t<\/span>\n\t\t\t\t\t\t\t\t\t\t<span class=\"elementor-icon-list-text\">06 88 48 67 86<\/span>\n\t\t\t\t\t\t\t\t\t\t\t<\/a>\n\t\t\t\t\t\t\t\t\t<\/li>\n\t\t\t\t\t\t\t\t<li class=\"elementor-icon-list-item\" >\n\t\t\t\t\t<a href=\"mailto:emily@aquentro.com\">\t\t\t\t\t\t<span class=\"elementor-icon-list-icon\">\n\t\t\t\t\t\t\t<i aria-hidden=\"true\" class=\"fas fa-envelope-open\"><\/i>\t\t\t\t\t\t<\/span>\n\t\t\t\t\t\t\t\t\t\t<span class=\"elementor-icon-list-text\">caroline.bresson30@gmail.com<\/span>\n\t\t\t\t\t\t\t\t\t\t\t<\/a>\n\t\t\t\t\t\t\t\t\t<\/li>\n\t\t\t\t\t\t<\/ul>\n\t\t\t\t<\/div>\n\t\t\t\t<\/div>\n\t\t\t\t\t\t<\/div>\n\t\t\t<\/div>\n\t\t<\/div>\n\t\t\t\t\t\t<\/div>\n\t\t\t<\/div>\n\t\t<\/section>\n\t\t\t\t\t\t<\/div>\n\t\t\t<\/div>\n\t\t<\/div>\n\t\t\t\t\t\t<\/div>\n\t\t\t<\/div>\n\t\t<\/section>\n\t\t\t\t\t\t<\/div>\n\t\t\t<\/div>\n\t\t<\/div>\n\t\t","protected":false},"excerpt":{"rendered":"<p>Nous sommes tous les deux tr\u00e8s attach\u00e9s au cadre de vie unique que proposent N\u00eemes et ses environs.\u00a0 Nous nous ferons un plaisir de vous conseiller sur les lieux incontournables \u00e0 visiter, les restaurants \u00e0 d\u00e9couvrir et les balades \u00e0 faire autour du Petit Mas ou dans la r\u00e9gion. Pr\u00e9c\u00e9dent Suivant Ce que nous aimons &hellip; <a href=\"https:\/\/www.location-mazet-nimes-garrigue.com\/index.php\/about-aquentro\/\" class=\"more-link\">Continue reading<span class=\"screen-reader-text\"> &#8220;Le Petit Mas de Caroline &#038; Mika\u00ebl&#8221;<\/span><\/a><\/p>\n","protected":false},"author":1,"featured_media":342,"parent":0,"menu_order":0,"comment_status":"closed","ping_status":"closed","template":"template-boxed-page.php","meta":{"spay_email":"","footnotes":""},"_links":{"self":[{"href":"https:\/\/www.location-mazet-nimes-garrigue.com\/index.php\/wp-json\/wp\/v2\/pages\/166"}],"collection":[{"href":"https:\/\/www.location-mazet-nimes-garrigue.com\/index.php\/wp-json\/wp\/v2\/pages"}],"about":[{"href":"https:\/\/www.location-mazet-nimes-garrigue.com\/index.php\/wp-json\/wp\/v2\/types\/page"}],"author":[{"embeddable":true,"href":"https:\/\/www.location-mazet-nimes-garrigue.com\/index.php\/wp-json\/wp\/v2\/users\/1"}],"replies":[{"embeddable":true,"href":"https:\/\/www.location-mazet-nimes-garrigue.com\/index.php\/wp-json\/wp\/v2\/comments?post=166"}],"version-history":[{"count":63,"href":"https:\/\/www.location-mazet-nimes-garrigue.com\/index.php\/wp-json\/wp\/v2\/pages\/166\/revisions"}],"predecessor-version":[{"id":484,"href":"https:\/\/www.location-mazet-nimes-garrigue.com\/index.php\/wp-json\/wp\/v2\/pages\/166\/revisions\/484"}],"wp:featuredmedia":[{"embeddable":true,"href":"https:\/\/www.location-mazet-nimes-garrigue.com\/index.php\/wp-json\/wp\/v2\/media\/342"}],"wp:attachment":[{"href":"https:\/\/www.location-mazet-nimes-garrigue.com\/index.php\/wp-json\/wp\/v2\/media?parent=166"}],"curies":[{"name":"wp","href":"https:\/\/api.w.org\/{rel}","templated":true}]}}